{"id":410,"date":"2025-11-13T11:03:19","date_gmt":"2025-11-13T11:03:19","guid":{"rendered":"https:\/\/nativamedical.ro\/?page_id=410"},"modified":"2025-11-20T10:37:28","modified_gmt":"2025-11-20T10:37:28","slug":"medicina-interna-medic-specialist-otilia-huma","status":"publish","type":"page","link":"https:\/\/nativamedical.ro\/index.php\/medicina-interna-medic-specialist-otilia-huma\/","title":{"rendered":"Medicina interna &#8211; Medic Specialist Otilia Huma"},"content":{"rendered":"\t\t<div data-elementor-type=\"wp-page\" data-elementor-id=\"410\" class=\"elementor elementor-410\">\n\t\t\t\t<div class=\"elementor-element elementor-element-2faf963 e-flex e-con-boxed e-con e-parent\" data-id=\"2faf963\" data-element_type=\"container\">\n\t\t\t\t\t<div class=\"e-con-inner\">\n\t\t<div class=\"elementor-element elementor-element-01f31c8 e-con-full e-flex e-con e-child\" data-id=\"01f31c8\" data-element_type=\"container\">\n\t\t\t\t<div class=\"elementor-element elementor-element-42442b0 elementor-widget elementor-widget-image\" data-id=\"42442b0\" data-element_type=\"widget\" data-widget_type=\"image.default\">\n\t\t\t\t\t\t\t\t\t\t\t\t\t\t\t<img fetchpriority=\"high\" decoding=\"async\" width=\"767\" height=\"1024\" src=\"https:\/\/nativamedical.ro\/wp-content\/uploads\/2025\/10\/HUMA-OTILIA-767x1024.jpg\" class=\"attachment-large size-large wp-image-366\" alt=\"\" srcset=\"https:\/\/nativamedical.ro\/wp-content\/uploads\/2025\/10\/HUMA-OTILIA-767x1024.jpg 767w, https:\/\/nativamedical.ro\/wp-content\/uploads\/2025\/10\/HUMA-OTILIA-225x300.jpg 225w, https:\/\/nativamedical.ro\/wp-content\/uploads\/2025\/10\/HUMA-OTILIA-768x1025.jpg 768w, https:\/\/nativamedical.ro\/wp-content\/uploads\/2025\/10\/HUMA-OTILIA-1150x1536.jpg 1150w, https:\/\/nativamedical.ro\/wp-content\/uploads\/2025\/10\/HUMA-OTILIA.jpg 1528w\" sizes=\"(max-width: 767px) 100vw, 767px\" \/>\t\t\t\t\t\t\t\t\t\t\t\t\t\t\t<\/div>\n\t\t\t\t<div class=\"elementor-element elementor-element-ab7c379 elementor-widget elementor-widget-heading\" data-id=\"ab7c379\" data-element_type=\"widget\" data-widget_type=\"heading.default\">\n\t\t\t\t\t<h2 class=\"elementor-heading-title elementor-size-default\">Dr. Otilia-M\u0103d\u0103lina Huma<br><br>Medic Specialist Medicin\u0103 Intern\u0103 \n<\/h2>\t\t\t\t<\/div>\n\t\t\t\t<\/div>\n\t\t<div class=\"elementor-element elementor-element-0fff324 e-con-full e-flex e-con e-child\" data-id=\"0fff324\" data-element_type=\"container\">\n\t\t\t\t<div class=\"elementor-element elementor-element-b8c16fa elementor-widget elementor-widget-heading\" data-id=\"b8c16fa\" data-element_type=\"widget\" data-widget_type=\"heading.default\">\n\t\t\t\t\t<h2 class=\"elementor-heading-title elementor-size-default\">Prezentare profesional\u0103 <\/h2>\t\t\t\t<\/div>\n\t\t\t\t<div class=\"elementor-element elementor-element-b70cdec elementor-widget elementor-widget-text-editor\" data-id=\"b70cdec\" data-element_type=\"widget\" data-widget_type=\"text-editor.default\">\n\t\t\t\t\t\t\t\t\t<p><span data-contrast=\"auto\">Dr.\u00a0Otilia-M\u0103d\u0103lina\u00a0Huma\u00a0este medic specialist \u00een medicin\u0103 intern\u0103, absolvent\u0103 a Universit\u0103\u021bii de Medicin\u0103 \u0219i Farmacie &#8220;Grigore T.Popa&#8221;, Ia\u0219i\u00a0<\/span><\/p><p><span data-contrast=\"auto\">A efectuat reziden\u021biatul \u00een cadrul Institutului de Medicin\u0103 Intern\u0103 \u0219i\u00a0 Endocrinologie \u201eC.I Parhon&#8221; Ia\u0219i<\/span><span data-contrast=\"auto\">, una dintre cele mai prestigioase institu\u021bii medicale din \u021bar\u0103, unde a dob\u00e2ndit o formare clinic\u0103 solid\u0103 \u00een diagnosticarea \u0219i managementul afec\u021biunilor interne complexe.<\/span><span data-ccp-props=\"{&quot;134245417&quot;:false,&quot;201341983&quot;:0,&quot;335559739&quot;:0,&quot;335559740&quot;:360}\">\u00a0<\/span><\/p><p><span data-contrast=\"auto\">De-a lungul activit\u0103\u021bii sale, Dr. Huma a acumulat experien\u021b\u0103 \u00een investigarea \u0219i tratarea unei game variate de patologii \u2013 cardiovasculare, metabolice, digestive, renale \u0219i endocrine \u2013 abord\u00e2nd fiecare caz cu rigurozitate \u0219i empatie.<\/span><span data-ccp-props=\"{&quot;134245417&quot;:false,&quot;201341983&quot;:0,&quot;335559739&quot;:0,&quot;335559740&quot;:360}\">\u00a0<\/span><\/p><p><span data-contrast=\"auto\">Este apreciat\u0103 pentru aten\u021bia acordat\u0103 fiec\u0103rui pacient \u0219i pentru capacitatea de a integra rezultatele investiga\u021biilor \u00eentr-o viziune medical\u0103 complet\u0103, adaptat\u0103 nevoilor individuale.<\/span><span data-ccp-props=\"{&quot;134245417&quot;:false,&quot;201341983&quot;:0,&quot;335559739&quot;:0,&quot;335559740&quot;:360}\">\u00a0<\/span><\/p><p><span data-contrast=\"auto\">\u00cen prezent, colaboreaz\u0103 cu Nativa Medical Boto\u0219ani, unde ofer\u0103 consulta\u021bii de medicin\u0103 intern\u0103, evalu\u0103ri periodice pentru pacien\u021bii cronici \u0219i coordonare interdisciplinar\u0103 al\u0103turi de speciali\u0219tii clinicii.<\/span><span data-ccp-props=\"{&quot;134245417&quot;:false,&quot;201341983&quot;:0,&quot;335559739&quot;:0,&quot;335559740&quot;:360}\">\u00a0<\/span><\/p><p><span data-contrast=\"auto\">Afilieri\u00a0profesionale:<\/span><span data-ccp-props=\"{&quot;134245417&quot;:false,&quot;201341983&quot;:0,&quot;335559739&quot;:0,&quot;335559740&quot;:360}\">\u00a0<\/span><\/p><p><span data-contrast=\"auto\">Membr\u0103 a Societ\u0103\u021bii Rom\u00e2ne de Medicin\u0103 Intern\u0103<\/span><span data-ccp-props=\"{&quot;134245417&quot;:false,&quot;201341983&quot;:0,&quot;335559739&quot;:0,&quot;335559740&quot;:360}\">\u00a0<\/span><\/p>\t\t\t\t\t\t\t\t<\/div>\n\t\t\t\t<\/div>\n\t\t\t\t\t<\/div>\n\t\t\t\t<\/div>\n\t\t\t\t<\/div>\n\t\t","protected":false},"excerpt":{"rendered":"<p>Dr. Otilia-M\u0103d\u0103lina Huma Medic Specialist Medicin\u0103 Intern\u0103 Prezentare profesional\u0103 Dr.\u00a0Otilia-M\u0103d\u0103lina\u00a0Huma\u00a0este medic specialist \u00een medicin\u0103 intern\u0103, absolvent\u0103 a Universit\u0103\u021bii de Medicin\u0103 \u0219i Farmacie &#8220;Grigore T.Popa&#8221;, Ia\u0219i\u00a0 A efectuat reziden\u021biatul \u00een cadrul Institutului de Medicin\u0103 Intern\u0103 \u0219i\u00a0 Endocrinologie \u201eC.I Parhon&#8221; Ia\u0219i, una dintre cele mai prestigioase institu\u021bii medicale din \u021bar\u0103, unde a dob\u00e2ndit o formare clinic\u0103 solid\u0103 [&hellip;]<\/p>\n","protected":false},"author":1,"featured_media":0,"parent":0,"menu_order":0,"comment_status":"closed","ping_status":"closed","template":"elementor_header_footer","meta":{"footnotes":""},"class_list":["post-410","page","type-page","status-publish","hentry"],"_links":{"self":[{"href":"https:\/\/nativamedical.ro\/index.php\/wp-json\/wp\/v2\/pages\/410","targetHints":{"allow":["GET"]}}],"collection":[{"href":"https:\/\/nativamedical.ro\/index.php\/wp-json\/wp\/v2\/pages"}],"about":[{"href":"https:\/\/nativamedical.ro\/index.php\/wp-json\/wp\/v2\/types\/page"}],"author":[{"embeddable":true,"href":"https:\/\/nativamedical.ro\/index.php\/wp-json\/wp\/v2\/users\/1"}],"replies":[{"embeddable":true,"href":"https:\/\/nativamedical.ro\/index.php\/wp-json\/wp\/v2\/comments?post=410"}],"version-history":[{"count":7,"href":"https:\/\/nativamedical.ro\/index.php\/wp-json\/wp\/v2\/pages\/410\/revisions"}],"predecessor-version":[{"id":417,"href":"https:\/\/nativamedical.ro\/index.php\/wp-json\/wp\/v2\/pages\/410\/revisions\/417"}],"wp:attachment":[{"href":"https:\/\/nativamedical.ro\/index.php\/wp-json\/wp\/v2\/media?parent=410"}],"curies":[{"name":"wp","href":"https:\/\/api.w.org\/{rel}","templated":true}]}}