{"id":402,"date":"2025-11-13T10:50:52","date_gmt":"2025-11-13T10:50:52","guid":{"rendered":"https:\/\/nativamedical.ro\/?page_id=402"},"modified":"2026-01-20T14:51:35","modified_gmt":"2026-01-20T14:51:35","slug":"gastroenteriologie-medic-primar-roxana-nemteanu","status":"publish","type":"page","link":"https:\/\/nativamedical.ro\/index.php\/gastroenteriologie-medic-primar-roxana-nemteanu\/","title":{"rendered":"GASTROENTEROLOGIE \u2013 MEDIC PRIMAR  ROXANA NEMTEANU"},"content":{"rendered":"\t\t<div data-elementor-type=\"wp-page\" data-elementor-id=\"402\" class=\"elementor elementor-402\">\n\t\t\t\t<div class=\"elementor-element elementor-element-2faf963 e-flex e-con-boxed e-con e-parent\" data-id=\"2faf963\" data-element_type=\"container\">\n\t\t\t\t\t<div class=\"e-con-inner\">\n\t\t<div class=\"elementor-element elementor-element-01f31c8 e-con-full e-flex e-con e-child\" data-id=\"01f31c8\" data-element_type=\"container\">\n\t\t\t\t<div class=\"elementor-element elementor-element-42442b0 elementor-widget elementor-widget-image\" data-id=\"42442b0\" data-element_type=\"widget\" data-widget_type=\"image.default\">\n\t\t\t\t\t\t\t\t\t\t\t\t\t\t\t<img fetchpriority=\"high\" decoding=\"async\" width=\"768\" height=\"1024\" src=\"https:\/\/nativamedical.ro\/wp-content\/uploads\/2025\/11\/imagine-2-768x1024.jpg\" class=\"attachment-large size-large wp-image-643\" alt=\"\" srcset=\"https:\/\/nativamedical.ro\/wp-content\/uploads\/2025\/11\/imagine-2-768x1024.jpg 768w, https:\/\/nativamedical.ro\/wp-content\/uploads\/2025\/11\/imagine-2-225x300.jpg 225w, https:\/\/nativamedical.ro\/wp-content\/uploads\/2025\/11\/imagine-2-1152x1536.jpg 1152w, https:\/\/nativamedical.ro\/wp-content\/uploads\/2025\/11\/imagine-2.jpg 1536w\" sizes=\"(max-width: 768px) 100vw, 768px\" \/>\t\t\t\t\t\t\t\t\t\t\t\t\t\t\t<\/div>\n\t\t\t\t<div class=\"elementor-element elementor-element-ab7c379 elementor-widget elementor-widget-heading\" data-id=\"ab7c379\" data-element_type=\"widget\" data-widget_type=\"heading.default\">\n\t\t\t\t\t<h2 class=\"elementor-heading-title elementor-size-default\">Dr. Roxana Nemteanu<br><br>Medic Primar Gastroenterologie \n<\/h2>\t\t\t\t<\/div>\n\t\t\t\t<\/div>\n\t\t<div class=\"elementor-element elementor-element-0fff324 e-con-full e-flex e-con e-child\" data-id=\"0fff324\" data-element_type=\"container\">\n\t\t\t\t<div class=\"elementor-element elementor-element-b8c16fa elementor-widget elementor-widget-heading\" data-id=\"b8c16fa\" data-element_type=\"widget\" data-widget_type=\"heading.default\">\n\t\t\t\t\t<h2 class=\"elementor-heading-title elementor-size-default\">Prezentare profesional\u0103 <\/h2>\t\t\t\t<\/div>\n\t\t\t\t<div class=\"elementor-element elementor-element-b70cdec elementor-widget elementor-widget-text-editor\" data-id=\"b70cdec\" data-element_type=\"widget\" data-widget_type=\"text-editor.default\">\n\t\t\t\t\t\t\t\t\t<p><span data-contrast=\"auto\">Dr. Roxana Nem\u021beanu este medic primar \u00een specialitatea gastroenterologie, activ\u00e2nd la nivel \u00eenalt \u00een cadrul Institutului de Gastroenterologie \u0219i Hepatologie \u201eSf. Spiridon\u201d Ia\u0219i, parte a Spitalului Clinic Jude\u021bean de Urgen\u021b\u0103 <\/span><span data-contrast=\"auto\">\u00a0\u201eSf.\u00a0Spiridon\u201d\u00a0Ia\u0219i.<\/span><\/p><p><span data-contrast=\"auto\">Ca asistent-universitar la Universitatea de Medicin\u0103 \u0219i Farmacie &#8220;Grigore T. Popa&#8221; din Ia\u0219i, Dr. Nem\u021beanu se implic\u0103 activ \u00een formarea viitorilor medici specializa\u021bi in gastroenterologie.<\/span><\/p><p><span data-contrast=\"auto\">Experien\u021ba ei clinic\u0103 acoper\u0103 o gam\u0103 larg\u0103 de afec\u021biuni digestive:\u00a0 boli inflamatorii intestinale, patologii hepatice, boala celiac\u0103, dar \u0219i aspecte moderne precum microbiota intestinal\u0103 \u0219i rela\u021bia acesteia cu s\u0103n\u0103tatea digestiv\u0103.<\/span><\/p><p><span data-contrast=\"auto\">\u00cen completarea activit\u0103\u021bii clinice, Dr. Nem\u021beanu are o bogat\u0103 activitate \u0219tiin\u021bific\u0103: articole indexate, capitole de carte, particip\u0103ri la congrese na\u021bionale \u0219i interna\u021bionale, implicare \u00een studii multicentrice europene.<\/span><\/p><p><span data-contrast=\"auto\">\u00cen cadrul colabor\u0103rii cu clinica Nativa Medical, Dr. Nem\u021beanu va aduce expertiz\u0103 \u00een investiga\u021bii gastroenterologice, consiliere \u00een patologia digestiv\u0103 \u0219i monitorizare continu\u0103 a pacien\u021bilor cu afec\u021biuni complexe ale aparatului digestiv.<\/span><span data-ccp-props=\"{&quot;134245417&quot;:false,&quot;201341983&quot;:0,&quot;335559739&quot;:0,&quot;335559740&quot;:360}\">\u00a0<\/span><\/p><p><span data-contrast=\"auto\">Afilieri\u00a0profesionale:<\/span><span data-ccp-props=\"{&quot;134245417&quot;:false,&quot;201341983&quot;:0,&quot;335559739&quot;:0,&quot;335559740&quot;:360}\">\u00a0<\/span><\/p><p><span data-contrast=\"auto\">Membr\u0103 a Societ\u0103\u021bii Rom\u00e2ne de Gastroenterologie \u0219i Hepatologie<\/span><span data-ccp-props=\"{&quot;134245417&quot;:false,&quot;201341983&quot;:0,&quot;335559739&quot;:0,&quot;335559740&quot;:360}\">\u00a0<\/span><\/p><p><span data-contrast=\"auto\">Implicat\u0103 \u00een colegii \u0219i echipe editoriale de cercetare \u00een domeniul gastroenterologiei<\/span><span data-ccp-props=\"{&quot;134245417&quot;:false,&quot;201341983&quot;:0,&quot;335559739&quot;:0,&quot;335559740&quot;:360}\">\u00a0<\/span><\/p>\t\t\t\t\t\t\t\t<\/div>\n\t\t\t\t<\/div>\n\t\t\t\t\t<\/div>\n\t\t\t\t<\/div>\n\t\t\t\t<\/div>\n\t\t","protected":false},"excerpt":{"rendered":"<p>Dr. Roxana Nemteanu Medic Primar Gastroenterologie Prezentare profesional\u0103 Dr. Roxana Nem\u021beanu este medic primar \u00een specialitatea gastroenterologie, activ\u00e2nd la nivel \u00eenalt \u00een cadrul Institutului de Gastroenterologie \u0219i Hepatologie \u201eSf. Spiridon\u201d Ia\u0219i, parte a Spitalului Clinic Jude\u021bean de Urgen\u021b\u0103 \u00a0\u201eSf.\u00a0Spiridon\u201d\u00a0Ia\u0219i. Ca asistent-universitar la Universitatea de Medicin\u0103 \u0219i Farmacie &#8220;Grigore T. Popa&#8221; din Ia\u0219i, Dr. Nem\u021beanu se [&hellip;]<\/p>\n","protected":false},"author":1,"featured_media":0,"parent":0,"menu_order":0,"comment_status":"closed","ping_status":"closed","template":"elementor_header_footer","meta":{"footnotes":""},"class_list":["post-402","page","type-page","status-publish","hentry"],"_links":{"self":[{"href":"https:\/\/nativamedical.ro\/index.php\/wp-json\/wp\/v2\/pages\/402","targetHints":{"allow":["GET"]}}],"collection":[{"href":"https:\/\/nativamedical.ro\/index.php\/wp-json\/wp\/v2\/pages"}],"about":[{"href":"https:\/\/nativamedical.ro\/index.php\/wp-json\/wp\/v2\/types\/page"}],"author":[{"embeddable":true,"href":"https:\/\/nativamedical.ro\/index.php\/wp-json\/wp\/v2\/users\/1"}],"replies":[{"embeddable":true,"href":"https:\/\/nativamedical.ro\/index.php\/wp-json\/wp\/v2\/comments?post=402"}],"version-history":[{"count":16,"href":"https:\/\/nativamedical.ro\/index.php\/wp-json\/wp\/v2\/pages\/402\/revisions"}],"predecessor-version":[{"id":1043,"href":"https:\/\/nativamedical.ro\/index.php\/wp-json\/wp\/v2\/pages\/402\/revisions\/1043"}],"wp:attachment":[{"href":"https:\/\/nativamedical.ro\/index.php\/wp-json\/wp\/v2\/media?parent=402"}],"curies":[{"name":"wp","href":"https:\/\/api.w.org\/{rel}","templated":true}]}}