{"id":393,"date":"2025-11-13T10:25:40","date_gmt":"2025-11-13T10:25:40","guid":{"rendered":"https:\/\/nativamedical.ro\/?page_id=393"},"modified":"2026-01-20T15:49:44","modified_gmt":"2026-01-20T15:49:44","slug":"medic-specialist-ioana-alexandra-paduret","status":"publish","type":"page","link":"https:\/\/nativamedical.ro\/index.php\/medic-specialist-ioana-alexandra-paduret\/","title":{"rendered":"Medic Specialist Ioana Alexandra Paduret"},"content":{"rendered":"\t\t<div data-elementor-type=\"wp-page\" data-elementor-id=\"393\" class=\"elementor elementor-393\">\n\t\t\t\t<div class=\"elementor-element elementor-element-2faf963 e-flex e-con-boxed e-con e-parent\" data-id=\"2faf963\" data-element_type=\"container\">\n\t\t\t\t\t<div class=\"e-con-inner\">\n\t\t<div class=\"elementor-element elementor-element-01f31c8 e-con-full e-flex e-con e-child\" data-id=\"01f31c8\" data-element_type=\"container\">\n\t\t\t\t<div class=\"elementor-element elementor-element-42442b0 elementor-widget elementor-widget-image\" data-id=\"42442b0\" data-element_type=\"widget\" data-widget_type=\"image.default\">\n\t\t\t\t\t\t\t\t\t\t\t\t\t\t\t<img fetchpriority=\"high\" decoding=\"async\" width=\"800\" height=\"800\" src=\"https:\/\/nativamedical.ro\/wp-content\/uploads\/2025\/10\/PADURET-IOANA-ALEXANDRA.jpg\" class=\"attachment-large size-large wp-image-365\" alt=\"\" srcset=\"https:\/\/nativamedical.ro\/wp-content\/uploads\/2025\/10\/PADURET-IOANA-ALEXANDRA.jpg 1024w, https:\/\/nativamedical.ro\/wp-content\/uploads\/2025\/10\/PADURET-IOANA-ALEXANDRA-300x300.jpg 300w, https:\/\/nativamedical.ro\/wp-content\/uploads\/2025\/10\/PADURET-IOANA-ALEXANDRA-150x150.jpg 150w, https:\/\/nativamedical.ro\/wp-content\/uploads\/2025\/10\/PADURET-IOANA-ALEXANDRA-768x768.jpg 768w\" sizes=\"(max-width: 800px) 100vw, 800px\" \/>\t\t\t\t\t\t\t\t\t\t\t\t\t\t\t<\/div>\n\t\t\t\t<div class=\"elementor-element elementor-element-ab7c379 elementor-widget elementor-widget-heading\" data-id=\"ab7c379\" data-element_type=\"widget\" data-widget_type=\"heading.default\">\n\t\t\t\t\t<h2 class=\"elementor-heading-title elementor-size-default\">Dr. Ioana Alexandra P\u0103dure\u021b<br>\nMedic\u00a0 specialist \u00een cardiologie pediatric\u0103<\/h2>\t\t\t\t<\/div>\n\t\t\t\t<\/div>\n\t\t<div class=\"elementor-element elementor-element-0fff324 e-con-full e-flex e-con e-child\" data-id=\"0fff324\" data-element_type=\"container\">\n\t\t\t\t<div class=\"elementor-element elementor-element-b8c16fa elementor-widget elementor-widget-heading\" data-id=\"b8c16fa\" data-element_type=\"widget\" data-widget_type=\"heading.default\">\n\t\t\t\t\t<h2 class=\"elementor-heading-title elementor-size-default\">Prezentare profesional\u0103 <\/h2>\t\t\t\t<\/div>\n\t\t\t\t<div class=\"elementor-element elementor-element-b70cdec elementor-widget elementor-widget-text-editor\" data-id=\"b70cdec\" data-element_type=\"widget\" data-widget_type=\"text-editor.default\">\n\t\t\t\t\t\t\t\t\t<p><span data-contrast=\"auto\">Dr. Ioana Alexandra P\u0103dure\u021b este medic\u00a0 specialist \u00een cardiologie pediatric\u0103, absolvent\u0103 a Universit\u0103\u021bii de Medicin\u0103\u00a0<\/span><span data-contrast=\"auto\">\u0219i\u00a0Farmacie\u00a0\u201eGrigore\u00a0T.\u00a0Popa\u201d\u00a0Ia\u0219i.<\/span><span data-ccp-props=\"{&quot;134245417&quot;:false,&quot;201341983&quot;:0,&quot;335559739&quot;:0,&quot;335559740&quot;:360}\">\u00a0<\/span><\/p><p><span data-contrast=\"auto\">A efectuat reziden\u021biatul \u00een cadrul Spitalului Clinic de Urgen\u021b\u0103 pentru Copii \u201eSf\u00e2nta Maria\u201d Ia\u0219i, unde a dob\u00e2ndit o experien\u021b\u0103\u00a0<\/span><span data-contrast=\"auto\">clinic\u0103 valoroas\u0103 \u00een diagnosticarea \u0219i monitorizarea afec\u021biunilor cardiovasculare la nou-n\u0103scu\u021bi, copii \u0219i adolescen\u021bi.<\/span><span data-ccp-props=\"{&quot;134245417&quot;:false,&quot;201341983&quot;:0,&quot;335559739&quot;:0,&quot;335559740&quot;:360}\">\u00a0<\/span><\/p><p><span data-contrast=\"auto\">Pe parcursul form\u0103rii sale, a fost implicat\u0103 \u00een evaluarea complex\u0103 a micilor <\/span><span data-contrast=\"auto\">pacien\u021bi prin consulta\u021bii de cardiologie pediatric\u0103, ecocardiografii, electrocardiograme\u00a0\u00a0<\/span><span data-contrast=\"auto\">(EKG)\u00a0 \u0219i monitoriz\u0103ri Holter EKG \u0219i TA, contribuind la stabilirea unor conduite\u00a0<\/span><span data-contrast=\"auto\">terapeutice\u00a0personalizate.<\/span><span data-ccp-props=\"{&quot;134245417&quot;:false,&quot;201341983&quot;:0,&quot;335559739&quot;:0,&quot;335559740&quot;:360}\">\u00a0<\/span><\/p><p><span data-contrast=\"auto\">Dr. Ioana Alexandra P\u0103dure\u021b este apreciat\u0103 pentru profesionalismul, r\u0103bdarea\u00a0 \u0219i empatia cu care abordeaz\u0103 fiecare copil \u0219i familie, oferind o atmosfer\u0103 calm\u0103 \u0219i sigur\u0103 \u00een timpul\u00a0<\/span><span data-contrast=\"auto\">consulta\u021biilor.<\/span><span data-ccp-props=\"{&quot;134245417&quot;:false,&quot;201341983&quot;:0,&quot;335559739&quot;:0,&quot;335559740&quot;:360}\">\u00a0<\/span><\/p><p><span data-contrast=\"auto\">\u00cen prezent, colaboreaz\u0103 cu Nativa Medical \u00een vederea evalu\u0103rii \u0219i monitoriz\u0103rii copiilor cu afec\u021biuni cardiovasculare.<\/span><\/p><p><span data-contrast=\"auto\">Afilieri\u00a0profesionale:<\/span><span data-ccp-props=\"{&quot;134245417&quot;:false,&quot;201341983&quot;:0,&quot;335559739&quot;:0,&quot;335559740&quot;:360}\">\u00a0<\/span><\/p><p><span data-contrast=\"auto\">Membr\u0103 a Societ\u0103\u021bii Rom\u00e2ne de Cardiologie\u00a0 Pediatric\u0103<\/span><span data-ccp-props=\"{&quot;134245417&quot;:false,&quot;201341983&quot;:0,&quot;335559739&quot;:0,&quot;335559740&quot;:360}\">\u00a0<\/span><\/p><p><span data-contrast=\"auto\">Membr\u0103 a Societ\u0103\u021bii Europene de\u00a0 Cardiologie (ESC)<\/span><span data-ccp-props=\"{&quot;134245417&quot;:false,&quot;201341983&quot;:0,&quot;335559739&quot;:0,&quot;335559740&quot;:360}\">\u00a0<\/span><\/p>\t\t\t\t\t\t\t\t<\/div>\n\t\t\t\t<\/div>\n\t\t\t\t\t<\/div>\n\t\t\t\t<\/div>\n\t\t\t\t<\/div>\n\t\t","protected":false},"excerpt":{"rendered":"<p>Dr. Ioana Alexandra P\u0103dure\u021b Medic\u00a0 specialist \u00een cardiologie pediatric\u0103 Prezentare profesional\u0103 Dr. Ioana Alexandra P\u0103dure\u021b este medic\u00a0 specialist \u00een cardiologie pediatric\u0103, absolvent\u0103 a Universit\u0103\u021bii de Medicin\u0103\u00a0\u0219i\u00a0Farmacie\u00a0\u201eGrigore\u00a0T.\u00a0Popa\u201d\u00a0Ia\u0219i.\u00a0 A efectuat reziden\u021biatul \u00een cadrul Spitalului Clinic de Urgen\u021b\u0103 pentru Copii \u201eSf\u00e2nta Maria\u201d Ia\u0219i, unde a dob\u00e2ndit o experien\u021b\u0103\u00a0clinic\u0103 valoroas\u0103 \u00een diagnosticarea \u0219i monitorizarea afec\u021biunilor cardiovasculare la nou-n\u0103scu\u021bi, copii [&hellip;]<\/p>\n","protected":false},"author":1,"featured_media":0,"parent":0,"menu_order":0,"comment_status":"closed","ping_status":"closed","template":"elementor_header_footer","meta":{"footnotes":""},"class_list":["post-393","page","type-page","status-publish","hentry"],"_links":{"self":[{"href":"https:\/\/nativamedical.ro\/index.php\/wp-json\/wp\/v2\/pages\/393","targetHints":{"allow":["GET"]}}],"collection":[{"href":"https:\/\/nativamedical.ro\/index.php\/wp-json\/wp\/v2\/pages"}],"about":[{"href":"https:\/\/nativamedical.ro\/index.php\/wp-json\/wp\/v2\/types\/page"}],"author":[{"embeddable":true,"href":"https:\/\/nativamedical.ro\/index.php\/wp-json\/wp\/v2\/users\/1"}],"replies":[{"embeddable":true,"href":"https:\/\/nativamedical.ro\/index.php\/wp-json\/wp\/v2\/comments?post=393"}],"version-history":[{"count":13,"href":"https:\/\/nativamedical.ro\/index.php\/wp-json\/wp\/v2\/pages\/393\/revisions"}],"predecessor-version":[{"id":1072,"href":"https:\/\/nativamedical.ro\/index.php\/wp-json\/wp\/v2\/pages\/393\/revisions\/1072"}],"wp:attachment":[{"href":"https:\/\/nativamedical.ro\/index.php\/wp-json\/wp\/v2\/media?parent=393"}],"curies":[{"name":"wp","href":"https:\/\/api.w.org\/{rel}","templated":true}]}}