{"id":378,"date":"2025-11-13T09:32:10","date_gmt":"2025-11-13T09:32:10","guid":{"rendered":"https:\/\/nativamedical.ro\/?page_id=378"},"modified":"2025-11-20T10:37:10","modified_gmt":"2025-11-20T10:37:10","slug":"dr-apetrei-corduneanu-otilia-cardiologie","status":"publish","type":"page","link":"https:\/\/nativamedical.ro\/index.php\/dr-apetrei-corduneanu-otilia-cardiologie\/","title":{"rendered":"Dr. Apetrei-Corduneanu Otilia-Cardiologie"},"content":{"rendered":"\t\t<div data-elementor-type=\"wp-page\" data-elementor-id=\"378\" class=\"elementor elementor-378\">\n\t\t\t\t<div class=\"elementor-element elementor-element-2faf963 e-flex e-con-boxed e-con e-parent\" data-id=\"2faf963\" data-element_type=\"container\">\n\t\t\t\t\t<div class=\"e-con-inner\">\n\t\t<div class=\"elementor-element elementor-element-01f31c8 e-con-full e-flex e-con e-child\" data-id=\"01f31c8\" data-element_type=\"container\">\n\t\t\t\t<div class=\"elementor-element elementor-element-42442b0 elementor-widget elementor-widget-image\" data-id=\"42442b0\" data-element_type=\"widget\" data-widget_type=\"image.default\">\n\t\t\t\t\t\t\t\t\t\t\t\t\t\t\t<img fetchpriority=\"high\" decoding=\"async\" width=\"542\" height=\"1024\" src=\"https:\/\/nativamedical.ro\/wp-content\/uploads\/2025\/10\/OTILIA-APETREI-542x1024.jpg\" class=\"attachment-large size-large wp-image-368\" alt=\"\" srcset=\"https:\/\/nativamedical.ro\/wp-content\/uploads\/2025\/10\/OTILIA-APETREI-542x1024.jpg 542w, https:\/\/nativamedical.ro\/wp-content\/uploads\/2025\/10\/OTILIA-APETREI-159x300.jpg 159w, https:\/\/nativamedical.ro\/wp-content\/uploads\/2025\/10\/OTILIA-APETREI-768x1451.jpg 768w, https:\/\/nativamedical.ro\/wp-content\/uploads\/2025\/10\/OTILIA-APETREI-813x1536.jpg 813w, https:\/\/nativamedical.ro\/wp-content\/uploads\/2025\/10\/OTILIA-APETREI.jpg 846w\" sizes=\"(max-width: 542px) 100vw, 542px\" \/>\t\t\t\t\t\t\t\t\t\t\t\t\t\t\t<\/div>\n\t\t\t\t<div class=\"elementor-element elementor-element-ab7c379 elementor-widget elementor-widget-heading\" data-id=\"ab7c379\" data-element_type=\"widget\" data-widget_type=\"heading.default\">\n\t\t\t\t\t<h2 class=\"elementor-heading-title elementor-size-default\">Dr. Otilia Apetrei-Corduneanu<br>\nMedic primar cardiologie <\/h2>\t\t\t\t<\/div>\n\t\t\t\t<\/div>\n\t\t<div class=\"elementor-element elementor-element-0fff324 e-con-full e-flex e-con e-child\" data-id=\"0fff324\" data-element_type=\"container\">\n\t\t\t\t<div class=\"elementor-element elementor-element-b8c16fa elementor-widget elementor-widget-heading\" data-id=\"b8c16fa\" data-element_type=\"widget\" data-widget_type=\"heading.default\">\n\t\t\t\t\t<h2 class=\"elementor-heading-title elementor-size-default\">Prezentare profesional\u0103 <\/h2>\t\t\t\t<\/div>\n\t\t\t\t<div class=\"elementor-element elementor-element-b70cdec elementor-widget elementor-widget-text-editor\" data-id=\"b70cdec\" data-element_type=\"widget\" data-widget_type=\"text-editor.default\">\n\t\t\t\t\t\t\t\t\t<p><span data-contrast=\"auto\">Dr. Otilia Apetrei &#8211; Corduneanu este medic primar cardiolog, absolvent\u0103 a Universit\u0103\u021bii de Medicin\u0103 \u0219i Farmacie \u201eGrigore T. Popa\u201d Ia\u0219i.<\/span><span data-ccp-props=\"{&quot;201341983&quot;:0,&quot;335559739&quot;:0,&quot;335559740&quot;:360}\">\u00a0<\/span><\/p><p><span data-contrast=\"auto\">A efectuat reziden\u021biatul \u00een cadrul Institutului de\u00a0<\/span><span data-contrast=\"auto\">Boli <\/span><span data-contrast=\"auto\">Cardiovasculare &#8221; Prof. Dr. George I.M. Georgescu&#8221; Ia\u0219i, dob\u00e2ndind experien\u021b\u0103 clinic\u0103 solid\u0103 \u00een diagnosticul \u0219i tratamentul afec\u021biunilor <\/span><span data-contrast=\"auto\">cardiovasculare\u00a0complexe.<\/span><span data-ccp-props=\"{&quot;201341983&quot;:0,&quot;335559739&quot;:0,&quot;335559740&quot;:360}\">\u00a0<\/span><\/p><p><span data-contrast=\"auto\">\u00cen prezent, activeaz\u0103 \u00een cadrul Sec\u021biei de Cardiologie a Spitalului Jude\u021bean de Urgen\u021b\u0103 \u201eMavromati\u201d Boto\u0219ani\u00a0<\/span><\/p><p><span data-contrast=\"auto\">De-a lungul carierei, Dr. Otilia Apetrei-Corduneanu s-a implicat activ \u00een activit\u0103\u021bi de cercetare medical\u0103 \u0219i colabor\u0103ri \u0219tiin\u021bifice, fiind autor \u0219i\u00a0\u00a0coautor al unor articole publicate \u00een reviste \u0219tiin\u021bifice\u00a0 de specialitate \u0219i lucr\u0103ri prezentate \u00een congrese na\u021bionale de cardiologie \u0219i medicin\u0103 intern\u0103.<\/span><span data-ccp-props=\"{&quot;201341983&quot;:0,&quot;335559739&quot;:0,&quot;335559740&quot;:360}\">\u00a0<\/span><\/p><p><span data-contrast=\"auto\">Afilieri\u00a0profesionale:<\/span><span data-ccp-props=\"{&quot;201341983&quot;:0,&quot;335559739&quot;:0,&quot;335559740&quot;:360}\">\u00a0<\/span><\/p><p><span data-contrast=\"auto\">Membr\u0103 a Societ\u0103\u021bii Rom\u00e2ne de Cardiologie \u0219i a Societ\u0103\u021bii Europene de Cardiologie.<\/span><span data-ccp-props=\"{&quot;201341983&quot;:0,&quot;335559739&quot;:0,&quot;335559740&quot;:360}\">\u00a0<\/span><\/p>\t\t\t\t\t\t\t\t<\/div>\n\t\t\t\t<\/div>\n\t\t\t\t\t<\/div>\n\t\t\t\t<\/div>\n\t\t\t\t<\/div>\n\t\t","protected":false},"excerpt":{"rendered":"<p>Dr. Otilia Apetrei-Corduneanu Medic primar cardiologie Prezentare profesional\u0103 Dr. Otilia Apetrei &#8211; Corduneanu este medic primar cardiolog, absolvent\u0103 a Universit\u0103\u021bii de Medicin\u0103 \u0219i Farmacie \u201eGrigore T. Popa\u201d Ia\u0219i.\u00a0 A efectuat reziden\u021biatul \u00een cadrul Institutului de\u00a0Boli Cardiovasculare &#8221; Prof. Dr. George I.M. Georgescu&#8221; Ia\u0219i, dob\u00e2ndind experien\u021b\u0103 clinic\u0103 solid\u0103 \u00een diagnosticul \u0219i tratamentul afec\u021biunilor cardiovasculare\u00a0complexe.\u00a0 \u00cen prezent, [&hellip;]<\/p>\n","protected":false},"author":1,"featured_media":0,"parent":0,"menu_order":0,"comment_status":"closed","ping_status":"closed","template":"elementor_header_footer","meta":{"footnotes":""},"class_list":["post-378","page","type-page","status-publish","hentry"],"_links":{"self":[{"href":"https:\/\/nativamedical.ro\/index.php\/wp-json\/wp\/v2\/pages\/378","targetHints":{"allow":["GET"]}}],"collection":[{"href":"https:\/\/nativamedical.ro\/index.php\/wp-json\/wp\/v2\/pages"}],"about":[{"href":"https:\/\/nativamedical.ro\/index.php\/wp-json\/wp\/v2\/types\/page"}],"author":[{"embeddable":true,"href":"https:\/\/nativamedical.ro\/index.php\/wp-json\/wp\/v2\/users\/1"}],"replies":[{"embeddable":true,"href":"https:\/\/nativamedical.ro\/index.php\/wp-json\/wp\/v2\/comments?post=378"}],"version-history":[{"count":14,"href":"https:\/\/nativamedical.ro\/index.php\/wp-json\/wp\/v2\/pages\/378\/revisions"}],"predecessor-version":[{"id":400,"href":"https:\/\/nativamedical.ro\/index.php\/wp-json\/wp\/v2\/pages\/378\/revisions\/400"}],"wp:attachment":[{"href":"https:\/\/nativamedical.ro\/index.php\/wp-json\/wp\/v2\/media?parent=378"}],"curies":[{"name":"wp","href":"https:\/\/api.w.org\/{rel}","templated":true}]}}