{"id":1201,"date":"2026-01-22T10:08:01","date_gmt":"2026-01-22T08:08:01","guid":{"rendered":"https:\/\/nativamedical.ro\/?page_id=1201"},"modified":"2026-01-22T11:46:33","modified_gmt":"2026-01-22T09:46:33","slug":"dr-viorica-luca-reumatologie","status":"publish","type":"page","link":"https:\/\/nativamedical.ro\/index.php\/dr-viorica-luca-reumatologie\/","title":{"rendered":"Dr. Viorica Luca &#8211; Medic Specialist Reumatologie"},"content":{"rendered":"\t\t<div data-elementor-type=\"wp-page\" data-elementor-id=\"1201\" class=\"elementor elementor-1201\">\n\t\t\t\t<div class=\"elementor-element elementor-element-2faf963 e-flex e-con-boxed e-con e-parent\" data-id=\"2faf963\" data-element_type=\"container\">\n\t\t\t\t\t<div class=\"e-con-inner\">\n\t\t<div class=\"elementor-element elementor-element-01f31c8 e-con-full e-flex e-con e-child\" data-id=\"01f31c8\" data-element_type=\"container\">\n\t\t\t\t<div class=\"elementor-element elementor-element-42442b0 elementor-widget elementor-widget-image\" data-id=\"42442b0\" data-element_type=\"widget\" data-widget_type=\"image.default\">\n\t\t\t\t\t\t\t\t\t\t\t\t\t\t\t<img fetchpriority=\"high\" decoding=\"async\" width=\"629\" height=\"700\" src=\"https:\/\/nativamedical.ro\/wp-content\/uploads\/2025\/12\/vioricaluca-e1769075161879.png\" class=\"attachment-large size-large wp-image-850\" alt=\"\" srcset=\"https:\/\/nativamedical.ro\/wp-content\/uploads\/2025\/12\/vioricaluca-e1769075161879.png 629w, https:\/\/nativamedical.ro\/wp-content\/uploads\/2025\/12\/vioricaluca-e1769075161879-270x300.png 270w\" sizes=\"(max-width: 629px) 100vw, 629px\" \/>\t\t\t\t\t\t\t\t\t\t\t\t\t\t\t<\/div>\n\t\t\t\t<div class=\"elementor-element elementor-element-ab7c379 elementor-widget elementor-widget-heading\" data-id=\"ab7c379\" data-element_type=\"widget\" data-widget_type=\"heading.default\">\n\t\t\t\t\t<h2 class=\"elementor-heading-title elementor-size-default\">Dr. Viorica Luca<br><br>Medic specialist Reumatologie<\/h2>\t\t\t\t<\/div>\n\t\t\t\t<\/div>\n\t\t<div class=\"elementor-element elementor-element-0fff324 e-con-full e-flex e-con e-child\" data-id=\"0fff324\" data-element_type=\"container\">\n\t\t\t\t<div class=\"elementor-element elementor-element-b8c16fa elementor-widget elementor-widget-heading\" data-id=\"b8c16fa\" data-element_type=\"widget\" data-widget_type=\"heading.default\">\n\t\t\t\t\t<h2 class=\"elementor-heading-title elementor-size-default\">Prezentare profesional\u0103 <\/h2>\t\t\t\t<\/div>\n\t\t\t\t<div class=\"elementor-element elementor-element-b70cdec elementor-widget elementor-widget-text-editor\" data-id=\"b70cdec\" data-element_type=\"widget\" data-widget_type=\"text-editor.default\">\n\t\t\t\t\t\t\t\t\t<p><span data-teams=\"true\">Dr. Viorica Luca este dedicat\u0103 diagnostic\u0103rii \u0219i trat\u0103rii bolilor reumatismale, de la afec\u021biuni inflamatorii la degenerative. Ofer\u0103 planuri terapeutice moderne \u0219i personalizate, av\u00e2nd ca obiectiv \u00eembun\u0103t\u0103\u021birea mobilit\u0103\u021bii \u0219i calit\u0103\u021bii vie\u021bii pacien\u021bilor.<\/span><\/p>\t\t\t\t\t\t\t\t<\/div>\n\t\t\t\t<\/div>\n\t\t\t\t\t<\/div>\n\t\t\t\t<\/div>\n\t\t\t\t<\/div>\n\t\t","protected":false},"excerpt":{"rendered":"<p>Dr. Viorica Luca Medic specialist Reumatologie Prezentare profesional\u0103 Dr. Viorica Luca este dedicat\u0103 diagnostic\u0103rii \u0219i trat\u0103rii bolilor reumatismale, de la afec\u021biuni inflamatorii la degenerative. Ofer\u0103 planuri terapeutice moderne \u0219i personalizate, av\u00e2nd ca obiectiv \u00eembun\u0103t\u0103\u021birea mobilit\u0103\u021bii \u0219i calit\u0103\u021bii vie\u021bii pacien\u021bilor.<\/p>\n","protected":false},"author":1,"featured_media":0,"parent":0,"menu_order":0,"comment_status":"closed","ping_status":"closed","template":"elementor_header_footer","meta":{"footnotes":""},"class_list":["post-1201","page","type-page","status-publish","hentry"],"_links":{"self":[{"href":"https:\/\/nativamedical.ro\/index.php\/wp-json\/wp\/v2\/pages\/1201","targetHints":{"allow":["GET"]}}],"collection":[{"href":"https:\/\/nativamedical.ro\/index.php\/wp-json\/wp\/v2\/pages"}],"about":[{"href":"https:\/\/nativamedical.ro\/index.php\/wp-json\/wp\/v2\/types\/page"}],"author":[{"embeddable":true,"href":"https:\/\/nativamedical.ro\/index.php\/wp-json\/wp\/v2\/users\/1"}],"replies":[{"embeddable":true,"href":"https:\/\/nativamedical.ro\/index.php\/wp-json\/wp\/v2\/comments?post=1201"}],"version-history":[{"count":7,"href":"https:\/\/nativamedical.ro\/index.php\/wp-json\/wp\/v2\/pages\/1201\/revisions"}],"predecessor-version":[{"id":1234,"href":"https:\/\/nativamedical.ro\/index.php\/wp-json\/wp\/v2\/pages\/1201\/revisions\/1234"}],"wp:attachment":[{"href":"https:\/\/nativamedical.ro\/index.php\/wp-json\/wp\/v2\/media?parent=1201"}],"curies":[{"name":"wp","href":"https:\/\/api.w.org\/{rel}","templated":true}]}}